{"id":68,"date":"2016-04-12T11:02:42","date_gmt":"2016-04-12T11:02:42","guid":{"rendered":"http:\/\/plesscafe.pl\/?page_id=68"},"modified":"2022-07-01T12:00:59","modified_gmt":"2022-07-01T12:00:59","slug":"primo-aroma-emozioni","status":"publish","type":"page","link":"http:\/\/pless-cafe.pl\/?page_id=68","title":{"rendered":"Primo Aroma Emozioni"},"content":{"rendered":"<p><a href=\"http:\/\/plesscafe.pl\/wp-content\/uploads\/2021\/04\/e45017985e4549164489f7622af591d8.jpg\"><img loading=\"lazy\" class=\"alignnone size-medium wp-image-249\" src=\"http:\/\/plesscafe.pl\/wp-content\/uploads\/2021\/04\/e45017985e4549164489f7622af591d8-632x632.jpg\" alt=\"\" width=\"632\" height=\"632\" srcset=\"http:\/\/pless-cafe.pl\/wp-content\/uploads\/2021\/04\/e45017985e4549164489f7622af591d8-632x632.jpg 632w, http:\/\/pless-cafe.pl\/wp-content\/uploads\/2021\/04\/e45017985e4549164489f7622af591d8-768x768.jpg 768w, http:\/\/pless-cafe.pl\/wp-content\/uploads\/2021\/04\/e45017985e4549164489f7622af591d8.jpg 992w\" sizes=\"(max-width: 632px) 100vw, 632px\" \/><\/a><\/p>\n<p><strong>Silny, mocny, wyra\u017any i bardzo d\u0142ugi posmak<\/strong><\/p>\n<p><strong>Profil ziaren<\/strong><br>\nPrecyzyjnie dobrana mieszanka kawy Arabika z Brazylii i Hondurasu oraz Robusty z Indii, Vietnamu i Costa Avorio. Przy komponowaniu tej kawy szczeg\u00f3lna wag\u0119 przyk\u0142adano do odpowiedniego doboru sk\u0142adnik\u00f3w \u2013 lekka i \u015brednio palona Arabika oraz mocno palona Robusta (oczywi\u015bcie ka\u017cde z ziaren osobno) sprawiaj\u0105 \u017ce ta mieszanka \u015bwietnie nadaje si\u0119 do mocnego espresso.<\/p>\n<p><strong>Smak<\/strong><br>\nCrema koloru orzechowego z ciemniejszymi przebarwieniami. Konsystencj\u0119 cremy mo\u017cna okre\u015bli\u0107 jako bardzo g\u0119st\u0105 a wygl\u0105d bardzo pi\u0119kny. Klasyczny mocny aromat z nut\u0105 ciasteczka Panatostato, pe\u0142ne body, bardzo d\u0142ugi pe\u0142ny posmak.<br>\n<a href=\"http:\/\/plesscafe.pl\/wp-content\/uploads\/2015\/11\/P1010449_DxO2_2.jpg\" rel=\"attachment wp-att-55\"><img loading=\"lazy\" class=\"alignnone size-medium wp-image-55\" src=\"http:\/\/plesscafe.pl\/wp-content\/uploads\/2015\/11\/P1010449_DxO2_2-632x632.jpg\" alt=\"P1010449_DxO2_2\" width=\"632\" height=\"632\" srcset=\"http:\/\/pless-cafe.pl\/wp-content\/uploads\/2015\/11\/P1010449_DxO2_2-632x632.jpg 632w, http:\/\/pless-cafe.pl\/wp-content\/uploads\/2015\/11\/P1010449_DxO2_2-768x768.jpg 768w, http:\/\/pless-cafe.pl\/wp-content\/uploads\/2015\/11\/P1010449_DxO2_2-1020x1020.jpg 1020w, http:\/\/pless-cafe.pl\/wp-content\/uploads\/2015\/11\/P1010449_DxO2_2.jpg 1182w\" sizes=\"(max-width: 632px) 100vw, 632px\" \/><\/a><\/p>\n\n\n<div class=\"wp-container-1 wp-block-buttons\">\n<div class=\"wp-block-button has-custom-width wp-block-button__width-100 has-custom-font-size is-style-outline has-small-font-size\"><a class=\"wp-block-button__link\" href=\"https:\/\/allegro.pl\/uzytkownik\/pless-cafe_pl\">zam\u00f3w klikaj\u0105c w link<\/a><\/div>\n<\/div>\n","protected":false},"excerpt":{"rendered":"<p>Silny, mocny, wyra\u017any i bardzo d\u0142ugi posmak Profil ziaren Precyzyjnie dobrana mieszanka kawy Arabika z Brazylii i Hondurasu oraz Robusty<\/p>\n","protected":false},"author":1,"featured_media":0,"parent":0,"menu_order":3,"comment_status":"closed","ping_status":"closed","template":"","meta":[],"_links":{"self":[{"href":"http:\/\/pless-cafe.pl\/index.php?rest_route=\/wp\/v2\/pages\/68"}],"collection":[{"href":"http:\/\/pless-cafe.pl\/index.php?rest_route=\/wp\/v2\/pages"}],"about":[{"href":"http:\/\/pless-cafe.pl\/index.php?rest_route=\/wp\/v2\/types\/page"}],"author":[{"embeddable":true,"href":"http:\/\/pless-cafe.pl\/index.php?rest_route=\/wp\/v2\/users\/1"}],"replies":[{"embeddable":true,"href":"http:\/\/pless-cafe.pl\/index.php?rest_route=%2Fwp%2Fv2%2Fcomments&post=68"}],"version-history":[{"count":9,"href":"http:\/\/pless-cafe.pl\/index.php?rest_route=\/wp\/v2\/pages\/68\/revisions"}],"predecessor-version":[{"id":384,"href":"http:\/\/pless-cafe.pl\/index.php?rest_route=\/wp\/v2\/pages\/68\/revisions\/384"}],"wp:attachment":[{"href":"http:\/\/pless-cafe.pl\/index.php?rest_route=%2Fwp%2Fv2%2Fmedia&parent=68"}],"curies":[{"name":"wp","href":"https:\/\/api.w.org\/{rel}","templated":true}]}}