{"id":62,"date":"2016-04-12T10:58:56","date_gmt":"2016-04-12T10:58:56","guid":{"rendered":"http:\/\/plesscafe.pl\/?page_id=62"},"modified":"2022-07-01T12:03:13","modified_gmt":"2022-07-01T12:03:13","slug":"primo-aroma-desiderio","status":"publish","type":"page","link":"http:\/\/pless-cafe.pl\/?page_id=62","title":{"rendered":"Primo Aroma Desiderio"},"content":{"rendered":"<p><a href=\"http:\/\/plesscafe.pl\/wp-content\/uploads\/2021\/04\/f816a9653790f26375f46cab80045234.jpg\"><img loading=\"lazy\" class=\"alignnone size-medium wp-image-245\" src=\"http:\/\/plesscafe.pl\/wp-content\/uploads\/2021\/04\/f816a9653790f26375f46cab80045234-632x632.jpg\" alt=\"\" width=\"632\" height=\"632\" srcset=\"http:\/\/pless-cafe.pl\/wp-content\/uploads\/2021\/04\/f816a9653790f26375f46cab80045234-632x632.jpg 632w, http:\/\/pless-cafe.pl\/wp-content\/uploads\/2021\/04\/f816a9653790f26375f46cab80045234-768x768.jpg 768w, http:\/\/pless-cafe.pl\/wp-content\/uploads\/2021\/04\/f816a9653790f26375f46cab80045234.jpg 992w\" sizes=\"(max-width: 632px) 100vw, 632px\" \/><\/a><\/p>\n<p><strong><br>\nAromatyczna , doskona\u0142a kawa, z kakaow\u0105 nut\u0105, idealna do espresso i espresso macchiato.<\/strong><\/p>\n<p><strong>Profil ziaren<\/strong><br>\nMieszanka Desiderio jest skomponowana z wysokiej jako\u015bci naturalnej kawy Arabica z Brazylii i Hondurasu oraz Robusty z Indii i Costa Avorio. Dzi\u0119ki zawarto\u015bci indyjskiej Robusty kawa oferuje lekko s\u0142odki posmak. Najlepsza kombinacja smaku i zapachu. Idealnie nadaje si\u0119 do espresso lub espresso macchiato.<br>\n<strong><br>\nSmak<\/strong><br>\nCrema jasnobr\u0105zowa z ciemniejszymi przebarwieniami. Mocny wyrazisty smak, g\u0119sta konsystencja cremy. Mocny zapach z wyczuwaln\u0105 nut\u0105 kakao, dla koneser\u00f3w ceni\u0105cych d\u0142ugi posmak z wyczuwalnymi nutami kakao.<\/p>\n<p><a href=\"http:\/\/plesscafe.pl\/wp-content\/uploads\/2015\/11\/P1010460_DxO2.jpg\" rel=\"attachment wp-att-58\"><img loading=\"lazy\" class=\"alignnone size-medium wp-image-58\" src=\"http:\/\/plesscafe.pl\/wp-content\/uploads\/2015\/11\/P1010460_DxO2-632x632.jpg\" alt=\"P1010460_DxO2\" width=\"632\" height=\"632\" srcset=\"http:\/\/pless-cafe.pl\/wp-content\/uploads\/2015\/11\/P1010460_DxO2-632x632.jpg 632w, http:\/\/pless-cafe.pl\/wp-content\/uploads\/2015\/11\/P1010460_DxO2-768x768.jpg 768w, http:\/\/pless-cafe.pl\/wp-content\/uploads\/2015\/11\/P1010460_DxO2-1020x1020.jpg 1020w, http:\/\/pless-cafe.pl\/wp-content\/uploads\/2015\/11\/P1010460_DxO2.jpg 1182w\" sizes=\"(max-width: 632px) 100vw, 632px\" \/><\/a><\/p>\n\n\n<div class=\"wp-container-1 wp-block-buttons\">\n<div class=\"wp-block-button has-custom-width wp-block-button__width-100 has-custom-font-size is-style-outline has-small-font-size\"><a class=\"wp-block-button__link\" href=\"https:\/\/allegro.pl\/uzytkownik\/pless-cafe_pl\">zam\u00f3w klikaj\u0105c w link<\/a><\/div>\n<\/div>\n","protected":false},"excerpt":{"rendered":"<p>Aromatyczna , doskona\u0142a kawa, z kakaow\u0105 nut\u0105, idealna do espresso i espresso macchiato. Profil ziaren Mieszanka Desiderio jest skomponowana z<\/p>\n","protected":false},"author":1,"featured_media":0,"parent":0,"menu_order":5,"comment_status":"closed","ping_status":"closed","template":"","meta":[],"_links":{"self":[{"href":"http:\/\/pless-cafe.pl\/index.php?rest_route=\/wp\/v2\/pages\/62"}],"collection":[{"href":"http:\/\/pless-cafe.pl\/index.php?rest_route=\/wp\/v2\/pages"}],"about":[{"href":"http:\/\/pless-cafe.pl\/index.php?rest_route=\/wp\/v2\/types\/page"}],"author":[{"embeddable":true,"href":"http:\/\/pless-cafe.pl\/index.php?rest_route=\/wp\/v2\/users\/1"}],"replies":[{"embeddable":true,"href":"http:\/\/pless-cafe.pl\/index.php?rest_route=%2Fwp%2Fv2%2Fcomments&post=62"}],"version-history":[{"count":11,"href":"http:\/\/pless-cafe.pl\/index.php?rest_route=\/wp\/v2\/pages\/62\/revisions"}],"predecessor-version":[{"id":386,"href":"http:\/\/pless-cafe.pl\/index.php?rest_route=\/wp\/v2\/pages\/62\/revisions\/386"}],"wp:attachment":[{"href":"http:\/\/pless-cafe.pl\/index.php?rest_route=%2Fwp%2Fv2%2Fmedia&parent=62"}],"curies":[{"name":"wp","href":"https:\/\/api.w.org\/{rel}","templated":true}]}}