{"id":49,"date":"2016-04-12T10:19:36","date_gmt":"2016-04-12T10:19:36","guid":{"rendered":"http:\/\/plesscafe.pl\/?page_id=49"},"modified":"2022-07-01T12:04:01","modified_gmt":"2022-07-01T12:04:01","slug":"nasza-kawa","status":"publish","type":"page","link":"http:\/\/pless-cafe.pl\/?page_id=49","title":{"rendered":"Primo Aroma Emozioni Blue"},"content":{"rendered":"<address><a href=\"http:\/\/plesscafe.pl\/wp-content\/uploads\/2021\/04\/85df20db998999f065b6c821ea17889d.jpg\"><img loading=\"lazy\" class=\"alignnone size-medium wp-image-242\" src=\"http:\/\/plesscafe.pl\/wp-content\/uploads\/2021\/04\/85df20db998999f065b6c821ea17889d-632x632.jpg\" alt=\"\" width=\"632\" height=\"632\" srcset=\"http:\/\/pless-cafe.pl\/wp-content\/uploads\/2021\/04\/85df20db998999f065b6c821ea17889d-632x632.jpg 632w, http:\/\/pless-cafe.pl\/wp-content\/uploads\/2021\/04\/85df20db998999f065b6c821ea17889d-768x768.jpg 768w, http:\/\/pless-cafe.pl\/wp-content\/uploads\/2021\/04\/85df20db998999f065b6c821ea17889d.jpg 992w\" sizes=\"(max-width: 632px) 100vw, 632px\" \/><\/a><\/address>\n<p><strong><br>\nMocna i aromatyczna kawa dla koneser\u00f3w mocnego Espresso.<\/strong><\/p>\n<p><strong>Profil ziaren<\/strong><br>\nWysokiej jako\u015bci mieszanka 5 pojedynczych odmian kawy typu Arabica z Po\u0142udniowej Ameryki i naturalnej Robusty z Indii i Costa Avorio. Charakteryzuje si\u0119 doskona\u0142ym mocnym smakiem i aromatem. Specjalnie skomponowana pod k\u0105tem silnego espresso, doskonale pasuje r\u00f3wnie\u017c do cappuccino.<\/p>\n<p><strong>Smak<\/strong><br>\nDzi\u0119ki du\u017cej zawarto\u015bci wysoko jako\u015bciowej Robusty crema ma br\u0105zowy przechodz\u0105cy w ciemno br\u0105zowy kolor.<br>\nPosiada dobr\u0105 g\u0119sto\u015b\u0107 i wysoka konsystencj\u0119. Smak jest intensywny i ma mocny , pikantny charakter. D\u0142ugi posmak.<\/p>\n<p><a href=\"http:\/\/plesscafe.pl\/wp-content\/uploads\/2016\/04\/P1010468_DxO2.jpg\" rel=\"attachment wp-att-50\"><img loading=\"lazy\" class=\"alignnone size-medium wp-image-50\" src=\"http:\/\/plesscafe.pl\/wp-content\/uploads\/2016\/04\/P1010468_DxO2-632x632.jpg\" alt=\"P1010468_DxO2\" width=\"632\" height=\"632\" srcset=\"http:\/\/pless-cafe.pl\/wp-content\/uploads\/2016\/04\/P1010468_DxO2-632x632.jpg 632w, http:\/\/pless-cafe.pl\/wp-content\/uploads\/2016\/04\/P1010468_DxO2-768x768.jpg 768w, http:\/\/pless-cafe.pl\/wp-content\/uploads\/2016\/04\/P1010468_DxO2-1020x1020.jpg 1020w\" sizes=\"(max-width: 632px) 100vw, 632px\" \/><\/a><\/p>\n\n\n<div class=\"wp-container-1 wp-block-buttons\">\n<div class=\"wp-block-button has-custom-width wp-block-button__width-100 has-custom-font-size is-style-outline has-small-font-size\"><a class=\"wp-block-button__link\" href=\"https:\/\/allegro.pl\/uzytkownik\/pless-cafe_pl\">zam\u00f3w klikaj\u0105c w link <\/a><\/div>\n<\/div>\n","protected":false},"excerpt":{"rendered":"<p>Mocna i aromatyczna kawa dla koneser\u00f3w mocnego Espresso. Profil ziaren Wysokiej jako\u015bci mieszanka 5 pojedynczych odmian kawy typu Arabica z<\/p>\n","protected":false},"author":1,"featured_media":0,"parent":0,"menu_order":6,"comment_status":"closed","ping_status":"closed","template":"","meta":[],"_links":{"self":[{"href":"http:\/\/pless-cafe.pl\/index.php?rest_route=\/wp\/v2\/pages\/49"}],"collection":[{"href":"http:\/\/pless-cafe.pl\/index.php?rest_route=\/wp\/v2\/pages"}],"about":[{"href":"http:\/\/pless-cafe.pl\/index.php?rest_route=\/wp\/v2\/types\/page"}],"author":[{"embeddable":true,"href":"http:\/\/pless-cafe.pl\/index.php?rest_route=\/wp\/v2\/users\/1"}],"replies":[{"embeddable":true,"href":"http:\/\/pless-cafe.pl\/index.php?rest_route=%2Fwp%2Fv2%2Fcomments&post=49"}],"version-history":[{"count":14,"href":"http:\/\/pless-cafe.pl\/index.php?rest_route=\/wp\/v2\/pages\/49\/revisions"}],"predecessor-version":[{"id":387,"href":"http:\/\/pless-cafe.pl\/index.php?rest_route=\/wp\/v2\/pages\/49\/revisions\/387"}],"wp:attachment":[{"href":"http:\/\/pless-cafe.pl\/index.php?rest_route=%2Fwp%2Fv2%2Fmedia&parent=49"}],"curies":[{"name":"wp","href":"https:\/\/api.w.org\/{rel}","templated":true}]}}