{"id":144,"date":"2017-04-08T22:22:44","date_gmt":"2017-04-08T22:22:44","guid":{"rendered":"http:\/\/plesscafe.pl\/?page_id=144"},"modified":"2021-04-13T09:30:43","modified_gmt":"2021-04-13T09:30:43","slug":"mielona-desiderio-cappucino","status":"publish","type":"page","link":"http:\/\/pless-cafe.pl\/?page_id=144","title":{"rendered":"kawa mielona"},"content":{"rendered":"<p><strong>DESIDERIO<\/strong><br \/>\nkawa mielona<br \/>\n250g<\/p>\n<p>Aromat i smak :<br \/>\nKaw\u0119 Desiderio charakteryzuj\u0105 mocne nuty kakao i przypraw, w harmonii z intensywnymi aromatami kwiatowymi.<br \/>\nIndyjska Robusta nadaje kawie lekki smak gorzkiej czekolady<br \/>\nDesiderio pozostawia trwa\u0142y i intensywny posmak.<\/p>\n<p>Kawa idealna do:<br \/>\nespresso, macchiato<\/p>\n<p>Sk\u0142ad:<br \/>\nArabica z Brazylii i Ameryki \u015arodkowej Robusta z Azji<\/p>\n<p>Palenie kawy:<br \/>\nCz\u0119\u015b\u0107 surowego ziarna poddaje si\u0119 obr\u00f3bce w d\u0142ugim czasie i w niskiej temperaturze wypalania, w celu podkre\u015blenia g\u0142\u0119bokich ton\u00f3w.<br \/>\nAby osi\u0105gn\u0105\u0107 czekoladowy i gorzki smak, oddzielne porcje surowych ziaren poddaje si\u0119 intensywnemu paleniu.<br \/>\nWysoka jako\u015b\u0107 kaw Primo Aroma polega na oddzielnym paleniu poszczeg\u00f3lnych rodzaj\u00f3w ziaren i doskonale zestawionych proporcjach.<\/p>\n<p><a href=\"http:\/\/plesscafe.pl\/wp-content\/uploads\/2017\/04\/pless-cafe-Desiderio-mielona-espresso-ground.jpg\" rel=\"attachment wp-att-145\"><img loading=\"lazy\" class=\"alignnone size-medium wp-image-145\" src=\"http:\/\/plesscafe.pl\/wp-content\/uploads\/2017\/04\/pless-cafe-Desiderio-mielona-espresso-ground-632x832.jpg\" alt=\"pless-cafe Desiderio mielona espresso ground\" width=\"632\" height=\"832\" srcset=\"http:\/\/pless-cafe.pl\/wp-content\/uploads\/2017\/04\/pless-cafe-Desiderio-mielona-espresso-ground-632x832.jpg 632w, http:\/\/pless-cafe.pl\/wp-content\/uploads\/2017\/04\/pless-cafe-Desiderio-mielona-espresso-ground-768x1011.jpg 768w, http:\/\/pless-cafe.pl\/wp-content\/uploads\/2017\/04\/pless-cafe-Desiderio-mielona-espresso-ground.jpg 897w\" sizes=\"(max-width: 632px) 100vw, 632px\" \/><\/a><\/p>\n<p><strong>DESIDERIO<\/strong><br \/>\nkawa mielona<br \/>\n2x 250g = 500g<\/p>\n<p>Aromat i smak :<br \/>\nKaw\u0119 Desiderio charakteryzuj\u0105 mocne nuty kakao i przypraw, w harmonii z intensywnymi aromatami kwiatowymi.<br \/>\nIndyjska Robusta nadaje kawie lekki smak gorzkiej czekolady<br \/>\nDesiderio pozostawia trwa\u0142y i intensywny posmak.<\/p>\n<p>Kawa idealna do:<br \/>\nespresso, macchiato<\/p>\n<p>Sk\u0142ad:<br \/>\nArabica z Brazylii i Ameryki \u015arodkowej Robusta z Azji<\/p>\n<p>Palenie kawy:<br \/>\nCz\u0119\u015b\u0107 surowego ziarna poddaje si\u0119 obr\u00f3bce w d\u0142ugim czasie i w niskiej temperaturze wypalania, w celu podkre\u015blenia g\u0142\u0119bokich ton\u00f3w.<br \/>\nAby osi\u0105gn\u0105\u0107 czekoladowy i gorzki smak, oddzielne porcje surowych ziaren poddaje si\u0119 intensywnemu paleniu.<br \/>\nWysoka jako\u015b\u0107 kaw Primo Aroma polega na oddzielnym paleniu poszczeg\u00f3lnych rodzaj\u00f3w ziaren i doskonale zestawionych proporcjach.<\/p>\n<p><a href=\"http:\/\/plesscafe.pl\/wp-content\/uploads\/2021\/04\/desiderio-2x250.jpg\"><img loading=\"lazy\" class=\"alignnone size-full wp-image-264\" src=\"http:\/\/plesscafe.pl\/wp-content\/uploads\/2021\/04\/desiderio-2x250.jpg\" alt=\"\" width=\"583\" height=\"581\" \/><\/a><\/p>\n","protected":false},"excerpt":{"rendered":"<p>DESIDERIO kawa mielona 250g Aromat i smak : Kaw\u0119 Desiderio charakteryzuj\u0105 mocne nuty kakao i przypraw, w harmonii z intensywnymi<\/p>\n","protected":false},"author":1,"featured_media":0,"parent":0,"menu_order":11,"comment_status":"closed","ping_status":"closed","template":"","meta":[],"_links":{"self":[{"href":"http:\/\/pless-cafe.pl\/index.php?rest_route=\/wp\/v2\/pages\/144"}],"collection":[{"href":"http:\/\/pless-cafe.pl\/index.php?rest_route=\/wp\/v2\/pages"}],"about":[{"href":"http:\/\/pless-cafe.pl\/index.php?rest_route=\/wp\/v2\/types\/page"}],"author":[{"embeddable":true,"href":"http:\/\/pless-cafe.pl\/index.php?rest_route=\/wp\/v2\/users\/1"}],"replies":[{"embeddable":true,"href":"http:\/\/pless-cafe.pl\/index.php?rest_route=%2Fwp%2Fv2%2Fcomments&post=144"}],"version-history":[{"count":5,"href":"http:\/\/pless-cafe.pl\/index.php?rest_route=\/wp\/v2\/pages\/144\/revisions"}],"predecessor-version":[{"id":266,"href":"http:\/\/pless-cafe.pl\/index.php?rest_route=\/wp\/v2\/pages\/144\/revisions\/266"}],"wp:attachment":[{"href":"http:\/\/pless-cafe.pl\/index.php?rest_route=%2Fwp%2Fv2%2Fmedia&parent=144"}],"curies":[{"name":"wp","href":"https:\/\/api.w.org\/{rel}","templated":true}]}}