{"id":122,"date":"2017-04-08T19:43:14","date_gmt":"2017-04-08T19:43:14","guid":{"rendered":"http:\/\/plesscafe.pl\/?page_id=122"},"modified":"2021-04-13T09:29:49","modified_gmt":"2021-04-13T09:29:49","slug":"desiderio-kapsulki","status":"publish","type":"page","link":"http:\/\/pless-cafe.pl\/?page_id=122","title":{"rendered":"Kapsu\u0142ki"},"content":{"rendered":"<p><strong>BIOPERFETTO<\/strong><br \/>kapsu\u0142ki: 6,0 g<br \/>ilo\u015b\u0107: 30 sztuk<\/p>\n<p>kompatybline z Nespresso\u00ae<\/p>\n<p>Aromat i smak :<br \/>Bioperfetto charakteryzuje si\u0119 bogatym bukietem smak\u00f3w od migda\u0142owo-orzechowego do kwiatowo-owocowego. Du\u017ca zawarto\u015b\u0107 arabiki z Suawesi i Peru powoduje , \u017ce po wypicu d\u0142ugo utrzymuje si\u0119 migda\u0142owo-czekoladowy bukiet smakowy.<\/p>\n<p>Kawa idealna do:<br \/>espresso, cremy i cappucino<\/p>\n<p>Sk\u0142ad:<br \/>100% Bio,<br \/>100% Arabica najwy\u017cszej jako\u015bci pochodz\u0105ca z Sulawesi \u2013 indonezyjskiej wyspy na Oceanie Spokojnym, z dziewiczych obszar\u00f3w Peru oraz z \u017cyznej gleby Gwatemali<\/p>\n<p>Palenie kawy:<br \/>D\u0142ugi czas wypalania wyselekcjonowanych ziaren w niezbyt wysokich temperaturach powoduje wyeliminowanie ze smaku gorzkiej kwasowo\u015bci. Dzi\u0119ki umiej\u0119tnemu po\u0142\u0105czeniu ziaren i oddzielnym wypalaniu ziaren kawa Bioperfetto ma doskona\u0142y smak.<br \/>Wysoka jako\u015b\u0107 kaw Primo Aroma polega na oddzielnym paleniu poszczeg\u00f3lnych rodzaj\u00f3w ziaren i doskonale zestawionych proporcjach .<\/p>\n<p><a href=\"http:\/\/plesscafe.pl\/wp-content\/uploads\/2017\/04\/6edff3c37413bdd57ec938e00843dd5e.jpg\" rel=\"attachment wp-att-138\"><img loading=\"lazy\" class=\"alignnone size-medium wp-image-138\" src=\"http:\/\/plesscafe.pl\/wp-content\/uploads\/2017\/04\/6edff3c37413bdd57ec938e00843dd5e-632x1068.jpg\" alt=\"pless-cafe_Primo_Aroma_Kapu\u0142ki_Bioperfetto 3\" width=\"632\" height=\"1068\" srcset=\"http:\/\/pless-cafe.pl\/wp-content\/uploads\/2017\/04\/6edff3c37413bdd57ec938e00843dd5e-632x1068.jpg 632w, http:\/\/pless-cafe.pl\/wp-content\/uploads\/2017\/04\/6edff3c37413bdd57ec938e00843dd5e.jpg 729w\" sizes=\"(max-width: 632px) 100vw, 632px\" \/><\/a><\/p>\n<p><a href=\"http:\/\/plesscafe.pl\/wp-content\/uploads\/2017\/04\/acd6676cbbe5cd6495d4afcb77daac55.jpg\" rel=\"attachment wp-att-139\"><img loading=\"lazy\" class=\"alignnone size-medium wp-image-139\" src=\"http:\/\/plesscafe.pl\/wp-content\/uploads\/2017\/04\/acd6676cbbe5cd6495d4afcb77daac55-632x842.jpg\" alt=\"pless-cafe Bioperfetto kapsu\u0142ki\" width=\"632\" height=\"842\" srcset=\"http:\/\/pless-cafe.pl\/wp-content\/uploads\/2017\/04\/acd6676cbbe5cd6495d4afcb77daac55-632x842.jpg 632w, http:\/\/pless-cafe.pl\/wp-content\/uploads\/2017\/04\/acd6676cbbe5cd6495d4afcb77daac55-768x1024.jpg 768w, http:\/\/pless-cafe.pl\/wp-content\/uploads\/2017\/04\/acd6676cbbe5cd6495d4afcb77daac55.jpg 886w\" sizes=\"(max-width: 632px) 100vw, 632px\" \/><\/a><\/p>\n<hr \/>\n<p><strong>DESIDERIO<\/strong><br \/>kapsu\u0142ki: 5,9 g<br \/>ilo\u015b\u0107: 30 sztuk<\/p>\n<p>kompatybline z Nespresso\u00ae<\/p>\n<p>Aromat i smak :<br \/>Kaw\u0119 Desiderio charakteryzuj\u0105 mocne nuty kakao i przypraw, w harmonii z intensywnymi aromatami kwiatowymi.<br \/>Indyjska Robusta nadaje kawie lekki smak gorzkiej czekolady<br \/>Desiderio pozwala na uzyskanie intensywnej pianki, z ciemniejszymi refleksami .<br \/>Jest doskona\u0142a dla profesjonalist\u00f3w, pozostawia trwa\u0142y i intensywny posmak.<\/p>\n<p>Kawa idealna do:<br \/>espresso, macchiato<\/p>\n<p>Sk\u0142ad:<br \/>Arabica z Brazylii i Hondurasu<br \/>Robusta z Costa Avorio i Indii<\/p>\n<p>Palenie kawy:<br \/>Cz\u0119\u015b\u0107 surowego ziarna poddaje si\u0119 obr\u00f3bce w d\u0142ugim czasie i w niskiej temperaturze wypalania, w celu podkre\u015blenia g\u0142\u0119bokich ton\u00f3w.<br \/>Aby osi\u0105gn\u0105\u0107 czekoladowy i gorzki smak, oddzielne porcje surowych ziaren poddaje si\u0119 intensywnemu paleniu.<br \/>Wysoka jako\u015b\u0107 kaw Primo Aroma polega na oddzielnym paleniu poszczeg\u00f3lnych rodzaj\u00f3w ziaren i doskonale zestawionych proporcjach<\/p>\n<p><a href=\"http:\/\/plesscafe.pl\/wp-content\/uploads\/2017\/04\/43812adcaeaeb0de8dae05ea8d6cc7f2.jpg\" rel=\"attachment wp-att-123\"><img loading=\"lazy\" class=\"alignnone size-medium wp-image-123\" src=\"http:\/\/plesscafe.pl\/wp-content\/uploads\/2017\/04\/43812adcaeaeb0de8dae05ea8d6cc7f2-632x965.jpg\" alt=\"pless-cafe_Primo_Aroma_Kapu\u0142ki_Desiderio_1\" width=\"632\" height=\"965\" srcset=\"http:\/\/pless-cafe.pl\/wp-content\/uploads\/2017\/04\/43812adcaeaeb0de8dae05ea8d6cc7f2-632x965.jpg 632w, http:\/\/pless-cafe.pl\/wp-content\/uploads\/2017\/04\/43812adcaeaeb0de8dae05ea8d6cc7f2-768x1173.jpg 768w, http:\/\/pless-cafe.pl\/wp-content\/uploads\/2017\/04\/43812adcaeaeb0de8dae05ea8d6cc7f2.jpg 833w\" sizes=\"(max-width: 632px) 100vw, 632px\" \/><\/a><\/p>\n<p><a href=\"http:\/\/plesscafe.pl\/wp-content\/uploads\/2017\/04\/799bfa112707548e904af7e971846073.jpg\" rel=\"attachment wp-att-124\"><img loading=\"lazy\" class=\"alignnone size-medium wp-image-124\" src=\"http:\/\/plesscafe.pl\/wp-content\/uploads\/2017\/04\/799bfa112707548e904af7e971846073-632x842.jpg\" alt=\"pless-cafe Desiderio kapsu\u0142ki\" width=\"632\" height=\"842\" srcset=\"http:\/\/pless-cafe.pl\/wp-content\/uploads\/2017\/04\/799bfa112707548e904af7e971846073-632x842.jpg 632w, http:\/\/pless-cafe.pl\/wp-content\/uploads\/2017\/04\/799bfa112707548e904af7e971846073-768x1024.jpg 768w, http:\/\/pless-cafe.pl\/wp-content\/uploads\/2017\/04\/799bfa112707548e904af7e971846073.jpg 886w\" sizes=\"(max-width: 632px) 100vw, 632px\" \/><\/a><\/p>\n<hr \/>\n<p><strong>ROMANTICA<\/strong><br \/>kapsu\u0142ki: 5,9 g<br \/>ilo\u015b\u0107: 30 sztuk<\/p>\n<p>kompatybline z Nespresso\u00ae<\/p>\n<p>Aromat i smak :<br \/>Kaw\u0119 Romantica charakteryzuje pe\u0142ny, aromatyczny smak o kwiatowo-owocowej nucie.<br \/>Mieszanka Romantica jest dobrze wywa\u017cona i nie ma prawie \u017cadnej goryczy. Delikatny smak mandarynki w po\u0142\u0105czeniu z nut\u0105 orzech\u00f3w i owoc\u00f3w tworzy aksamitne po\u0142\u0105czenie.<br \/>Pianka w kolorze z\u0142ota jest bardzo g\u0119sta i ma bardzo dobr\u0105 konsystencj\u0119.<\/p>\n<p>Kawa idealna do:<br \/>espresso , cappucino i cremy<\/p>\n<p>Sk\u0142ad:<br \/>Arabica z Gwatemali, Hondurasu, Kolumbii i Brazylii<br \/>Robusta z Indii z dodatkiem Indian Robusta Cherry<\/p>\n<p>Palenie kawy:<br \/>Po\u0142\u0105czenie kawy wypalanej na dw\u00f3ch r\u00f3\u017cnych poziomach daje doskona\u0142y smak i aromat. Arabika wypalana jest w stopniu \u015brednim do mocnego, natomiast Robusta w stopniu lekkim do \u015bredniego.<br \/>To po\u0142\u0105czenie , odpowiednie proporcje oraz najlepsze odmiany ziaren tworz\u0105 idealny smak kawy Romantica<br \/>Wysoka jako\u015b\u0107 kaw Primo Aroma polega na oddzielnym paleniu poszczeg\u00f3lnych rodzaj\u00f3w ziaren i doskonale zestawionych proporcjach.<\/p>\n<p><a href=\"http:\/\/plesscafe.pl\/wp-content\/uploads\/2017\/04\/e1c3534b61681b512afdb394a91b3a32.jpg\" rel=\"attachment wp-att-130\"><img loading=\"lazy\" class=\"alignnone size-medium wp-image-130\" src=\"http:\/\/plesscafe.pl\/wp-content\/uploads\/2017\/04\/e1c3534b61681b512afdb394a91b3a32-632x1044.jpg\" alt=\"pless-cafe Romantica kapsu\u0142ki\" width=\"632\" height=\"1044\" srcset=\"http:\/\/pless-cafe.pl\/wp-content\/uploads\/2017\/04\/e1c3534b61681b512afdb394a91b3a32-632x1044.jpg 632w, http:\/\/pless-cafe.pl\/wp-content\/uploads\/2017\/04\/e1c3534b61681b512afdb394a91b3a32.jpg 729w\" sizes=\"(max-width: 632px) 100vw, 632px\" \/><\/a><\/p>\n<p><a href=\"http:\/\/plesscafe.pl\/wp-content\/uploads\/2017\/04\/d0136d72c29d42bd18dfb55457214ba2.jpg\" rel=\"attachment wp-att-131\"><img loading=\"lazy\" class=\"alignnone size-medium wp-image-131\" src=\"http:\/\/plesscafe.pl\/wp-content\/uploads\/2017\/04\/d0136d72c29d42bd18dfb55457214ba2-632x842.jpg\" alt=\"pless_cafe_Romantica.kapsu\u0142ki 1jpg\" width=\"632\" height=\"842\" srcset=\"http:\/\/pless-cafe.pl\/wp-content\/uploads\/2017\/04\/d0136d72c29d42bd18dfb55457214ba2-632x842.jpg 632w, http:\/\/pless-cafe.pl\/wp-content\/uploads\/2017\/04\/d0136d72c29d42bd18dfb55457214ba2-768x1024.jpg 768w, http:\/\/pless-cafe.pl\/wp-content\/uploads\/2017\/04\/d0136d72c29d42bd18dfb55457214ba2.jpg 886w\" sizes=\"(max-width: 632px) 100vw, 632px\" \/><\/a><\/p>\n<hr \/>\n<p>SERENATA<br \/>kapsu\u0142ki: 5,9 g<br \/>ilo\u015b\u0107: 30 sztuk<\/p>\n<p>kompatybline z Nespresso\u00ae<\/p>\n<p>Aromat i smak :<br \/>Serenata charakteryzuje si\u0119 wywa\u017conym s\u0142odko-czekoladowo-orzechowym smakiem z przyjemn\u0105 lekk\u0105 kwasowo\u015bci\u0105.<br \/>Serenata to pe\u0142ny smak , intensywny i przyjemny z nut\u0105 czekolady, owoc\u00f3w i kwiat\u00f3w.<br \/>Intensywno\u015b\u0107 pianki jest doskona\u0142a, struktura jest bardzo delikatna, a konsystencja bardzo trwa\u0142a.<\/p>\n<p>Kawa idealna do:<br \/>espresso i \u201eEspresso Italiano\u201d dla koneser\u00f3w<\/p>\n<p>Sk\u0142ad:<br \/>100% Arabica., sk\u0142adaj\u0105ca si\u0119 z 7 odmian najwy\u017cszej jako\u015bci ziaren, z najlepszych plantacji na \u015bwiecie: od Wy\u017cyny Kolumbii, Nikaragui, Hondurasu, Gwatemali, Brazylii po Indie i Etiopi\u0119.<\/p>\n<p>Palenie kawy:<br \/>Idealnie wywa\u017cona mieszanka kawy. Ka\u017cdy z siedmiu rodzaj\u00f3w kawy palony jest oddzielnie, w r\u00f3\u017cnych temperaturach i r\u00f3\u017cnej d\u0142ugo\u015bci czasu palenia. Dzi\u0119ki temu otrzymujemy oryginaln\u0105, najwy\u017cszej klasy kaw\u0119 o perfekcyjnie dobranych proporcjach ziaren i stopniu wypalania.<br \/>Wysoka jako\u015b\u0107 kaw Primo Aroma polega na oddzielnym paleniu poszczeg\u00f3lnych rodzaj\u00f3w ziaren i doskonale zestawionych proporcjach .<\/p>\n<p><a href=\"http:\/\/plesscafe.pl\/wp-content\/uploads\/2017\/04\/74c101060aed5658ec81ff91bd76aec4.jpg\" rel=\"attachment wp-att-134\"><img loading=\"lazy\" class=\"alignnone size-medium wp-image-134\" src=\"http:\/\/plesscafe.pl\/wp-content\/uploads\/2017\/04\/74c101060aed5658ec81ff91bd76aec4-632x1044.jpg\" alt=\"pless-cafe_Primo_Aroma_Kapu\u0142ki_Serenata_1\" width=\"632\" height=\"1044\" srcset=\"http:\/\/pless-cafe.pl\/wp-content\/uploads\/2017\/04\/74c101060aed5658ec81ff91bd76aec4-632x1044.jpg 632w, http:\/\/pless-cafe.pl\/wp-content\/uploads\/2017\/04\/74c101060aed5658ec81ff91bd76aec4.jpg 729w\" sizes=\"(max-width: 632px) 100vw, 632px\" \/><\/a><\/p>\n<p><a href=\"http:\/\/plesscafe.pl\/wp-content\/uploads\/2017\/04\/e726fc6cf384b232ff6fbbbb41fa8cfa.jpg\" rel=\"attachment wp-att-135\"><img loading=\"lazy\" class=\"alignnone size-medium wp-image-135\" src=\"http:\/\/plesscafe.pl\/wp-content\/uploads\/2017\/04\/e726fc6cf384b232ff6fbbbb41fa8cfa-632x842.jpg\" alt=\"pless-cafe Serenata kapsu\u0142ki\" width=\"632\" height=\"842\" srcset=\"http:\/\/pless-cafe.pl\/wp-content\/uploads\/2017\/04\/e726fc6cf384b232ff6fbbbb41fa8cfa-632x842.jpg 632w, http:\/\/pless-cafe.pl\/wp-content\/uploads\/2017\/04\/e726fc6cf384b232ff6fbbbb41fa8cfa-768x1024.jpg 768w, http:\/\/pless-cafe.pl\/wp-content\/uploads\/2017\/04\/e726fc6cf384b232ff6fbbbb41fa8cfa.jpg 886w\" sizes=\"(max-width: 632px) 100vw, 632px\" \/><\/a><\/p>\n<hr \/>\n\n\n<p><\/p>\n\n\n\n<p><\/p>\n","protected":false},"excerpt":{"rendered":"<p>BIOPERFETTOkapsu\u0142ki: 6,0 gilo\u015b\u0107: 30 sztuk kompatybline z Nespresso\u00ae Aromat i smak :Bioperfetto charakteryzuje si\u0119 bogatym bukietem smak\u00f3w od migda\u0142owo-orzechowego do<\/p>\n","protected":false},"author":1,"featured_media":0,"parent":0,"menu_order":8,"comment_status":"closed","ping_status":"closed","template":"","meta":[],"_links":{"self":[{"href":"http:\/\/pless-cafe.pl\/index.php?rest_route=\/wp\/v2\/pages\/122"}],"collection":[{"href":"http:\/\/pless-cafe.pl\/index.php?rest_route=\/wp\/v2\/pages"}],"about":[{"href":"http:\/\/pless-cafe.pl\/index.php?rest_route=\/wp\/v2\/types\/page"}],"author":[{"embeddable":true,"href":"http:\/\/pless-cafe.pl\/index.php?rest_route=\/wp\/v2\/users\/1"}],"replies":[{"embeddable":true,"href":"http:\/\/pless-cafe.pl\/index.php?rest_route=%2Fwp%2Fv2%2Fcomments&post=122"}],"version-history":[{"count":7,"href":"http:\/\/pless-cafe.pl\/index.php?rest_route=\/wp\/v2\/pages\/122\/revisions"}],"predecessor-version":[{"id":262,"href":"http:\/\/pless-cafe.pl\/index.php?rest_route=\/wp\/v2\/pages\/122\/revisions\/262"}],"wp:attachment":[{"href":"http:\/\/pless-cafe.pl\/index.php?rest_route=%2Fwp%2Fv2%2Fmedia&parent=122"}],"curies":[{"name":"wp","href":"https:\/\/api.w.org\/{rel}","templated":true}]}}